{"id":12,"date":"2019-06-01T09:27:59","date_gmt":"2019-06-01T12:27:59","guid":{"rendered":"https:\/\/beatrizleoni.com.br\/reformas\/?page_id=12"},"modified":"2023-07-26T10:38:00","modified_gmt":"2023-07-26T13:38:00","slug":"beatriz-leoni","status":"publish","type":"page","link":"https:\/\/beatrizleoni.com.br\/reformas\/","title":{"rendered":"Beatriz Leoni Constru\u00e7\u00f5es e Reformas"},"content":{"rendered":"<p>Atuamos com servi\u00e7os de constru\u00e7\u00e3o e reformas em geral, atendendo cliente final e arquitetos.<\/p>\n","protected":false},"excerpt":{"rendered":"<p>Nossa empresa atua com servi\u00e7os especializados de reforma e constru\u00e7\u00e3o, atendendo cliente final e arquitetos em todo Rio de Janeiro.<\/p>\n","protected":false},"author":1,"featured_media":0,"parent":0,"menu_order":0,"comment_status":"closed","ping_status":"closed","template":"","meta":{"footnotes":"","_links_to":"","_links_to_target":""},"class_list":["post-12","page","type-page","status-publish","hentry"],"_links":{"self":[{"href":"https:\/\/beatrizleoni.com.br\/reformas\/wp-json\/wp\/v2\/pages\/12","targetHints":{"allow":["GET"]}}],"collection":[{"href":"https:\/\/beatrizleoni.com.br\/reformas\/wp-json\/wp\/v2\/pages"}],"about":[{"href":"https:\/\/beatrizleoni.com.br\/reformas\/wp-json\/wp\/v2\/types\/page"}],"author":[{"embeddable":true,"href":"https:\/\/beatrizleoni.com.br\/reformas\/wp-json\/wp\/v2\/users\/1"}],"replies":[{"embeddable":true,"href":"https:\/\/beatrizleoni.com.br\/reformas\/wp-json\/wp\/v2\/comments?post=12"}],"version-history":[{"count":7,"href":"https:\/\/beatrizleoni.com.br\/reformas\/wp-json\/wp\/v2\/pages\/12\/revisions"}],"predecessor-version":[{"id":1539,"href":"https:\/\/beatrizleoni.com.br\/reformas\/wp-json\/wp\/v2\/pages\/12\/revisions\/1539"}],"wp:attachment":[{"href":"https:\/\/beatrizleoni.com.br\/reformas\/wp-json\/wp\/v2\/media?parent=12"}],"curies":[{"name":"wp","href":"https:\/\/api.w.org\/{rel}","templated":true}]}}