{"id":453,"date":"2019-06-03T20:07:39","date_gmt":"2019-06-03T23:07:39","guid":{"rendered":"https:\/\/beatrizleoni.com.br\/reformas\/?page_id=453"},"modified":"2023-07-26T17:35:42","modified_gmt":"2023-07-26T20:35:42","slug":"sobre-beatriz-leoni","status":"publish","type":"page","link":"https:\/\/beatrizleoni.com.br\/reformas\/sobre-beatriz-leoni\/","title":{"rendered":"Sobre Beatriz Leoni"},"content":{"rendered":"<h2 class=\"widget-title\">Empresa Beatriz Leoni<\/h2>\n<p>Atuando desde 2010 com constru\u00e7\u00e3o e reforma, especialmente constru\u00e7\u00e3o de piscinas e servi\u00e7os de impermeabiliza\u00e7\u00e3o,\u00a0 Beatriz Leoni se destaca por fornecer servi\u00e7os construtivos especializados, de alta qualidade e garantia, reunindo m\u00e3o de obra treinada e qualificada e setor de arquitetura, fornecendo servi\u00e7os e assessoria t\u00e9cnica em um s\u00f3 lugar.<br \/>\nO resultado s\u00e3o obras que primam por alta qualidade e durabilidade.<\/p>\n<p>Nossa empresa \u00e9 cada vez mais refer\u00eancia de excel\u00eancia em constru\u00e7\u00e3o e reforma, oferecendo solu\u00e7\u00f5es completas e efetivas para quem pensa em reformar ou construir.<br \/>\nBeatriz Leoni \u00e9 uma empresa com miss\u00f5es e valores de alto padr\u00e3o, objetivos grandes e vis\u00f5es inovadoras em servi\u00e7os de constru\u00e7\u00e3o e reforma!<\/p>\n<div class=\"su-image-carousel  su-image-carousel-columns-3 su-image-carousel-has-spacing su-image-carousel-crop su-image-carousel-crop-4-3 su-image-carousel-has-lightbox su-image-carousel-has-outline su-image-carousel-adaptive su-image-carousel-slides-style-default su-image-carousel-controls-style-dark su-image-carousel-align-none\" style=\"\" data-flickity-options='{\"groupCells\":true,\"cellSelector\":\".su-image-carousel-item\",\"adaptiveHeight\":false,\"cellAlign\":\"left\",\"prevNextButtons\":true,\"pageDots\":false,\"autoPlay\":3000,\"imagesLoaded\":true,\"contain\":true,\"selectedAttraction\":0.025000000000000001387778780781445675529539585113525390625,\"friction\":0.2800000000000000266453525910037569701671600341796875}' id=\"su_image_carousel_69d988c96dd5e\"><div class=\"su-image-carousel-item\"><div class=\"su-image-carousel-item-content\"><a href=\"https:\/\/beatrizleoni.com.br\/reformas\/wp-content\/uploads\/2023\/07\/004-2.jpg\" target=\"_blank\" rel=\"noopener noreferrer\" data-caption=\"\" data-rel=\"lightbox-image-0\" data-rl_title=\"\" data-rl_caption=\"\" title=\"\"><img loading=\"lazy\" decoding=\"async\" width=\"960\" height=\"720\" src=\"https:\/\/beatrizleoni.com.br\/reformas\/wp-content\/uploads\/2023\/07\/004-2.jpg\" class=\"\" alt=\"Beatriz Leoni Constru\u00e7\u00f5es e Reformas\" srcset=\"https:\/\/beatrizleoni.com.br\/reformas\/wp-content\/uploads\/2023\/07\/004-2.jpg 960w, https:\/\/beatrizleoni.com.br\/reformas\/wp-content\/uploads\/2023\/07\/004-2-300x225.jpg 300w, https:\/\/beatrizleoni.com.br\/reformas\/wp-content\/uploads\/2023\/07\/004-2-768x576.jpg 768w\" sizes=\"auto, (max-width: 960px) 100vw, 960px\" \/><\/a><\/div><\/div><div class=\"su-image-carousel-item\"><div class=\"su-image-carousel-item-content\"><a href=\"https:\/\/beatrizleoni.com.br\/reformas\/wp-content\/uploads\/2023\/07\/006-2.jpg\" target=\"_blank\" rel=\"noopener noreferrer\" data-caption=\"\" data-rel=\"lightbox-image-1\" data-rl_title=\"\" data-rl_caption=\"\" title=\"\"><img loading=\"lazy\" decoding=\"async\" width=\"960\" height=\"960\" src=\"https:\/\/beatrizleoni.com.br\/reformas\/wp-content\/uploads\/2023\/07\/006-2.jpg\" class=\"\" alt=\"Beatriz Leoni Constru\u00e7\u00f5es e Reformas\" srcset=\"https:\/\/beatrizleoni.com.br\/reformas\/wp-content\/uploads\/2023\/07\/006-2.jpg 960w, https:\/\/beatrizleoni.com.br\/reformas\/wp-content\/uploads\/2023\/07\/006-2-300x300.jpg 300w, https:\/\/beatrizleoni.com.br\/reformas\/wp-content\/uploads\/2023\/07\/006-2-150x150.jpg 150w, https:\/\/beatrizleoni.com.br\/reformas\/wp-content\/uploads\/2023\/07\/006-2-768x768.jpg 768w, https:\/\/beatrizleoni.com.br\/reformas\/wp-content\/uploads\/2023\/07\/006-2-75x75.jpg 75w\" sizes=\"auto, (max-width: 960px) 100vw, 960px\" \/><\/a><\/div><\/div><div class=\"su-image-carousel-item\"><div class=\"su-image-carousel-item-content\"><a href=\"https:\/\/beatrizleoni.com.br\/reformas\/wp-content\/uploads\/2023\/07\/001.jpg\" target=\"_blank\" rel=\"noopener noreferrer\" data-caption=\"\" data-rel=\"lightbox-image-2\" data-rl_title=\"\" data-rl_caption=\"\" title=\"\"><img loading=\"lazy\" decoding=\"async\" width=\"960\" height=\"720\" src=\"https:\/\/beatrizleoni.com.br\/reformas\/wp-content\/uploads\/2023\/07\/001.jpg\" class=\"\" alt=\"Beatriz Leoni Constru\u00e7\u00f5es e Reformas\" srcset=\"https:\/\/beatrizleoni.com.br\/reformas\/wp-content\/uploads\/2023\/07\/001.jpg 960w, https:\/\/beatrizleoni.com.br\/reformas\/wp-content\/uploads\/2023\/07\/001-300x225.jpg 300w, https:\/\/beatrizleoni.com.br\/reformas\/wp-content\/uploads\/2023\/07\/001-768x576.jpg 768w\" sizes=\"auto, (max-width: 960px) 100vw, 960px\" \/><\/a><\/div><\/div><\/div><script id=\"su_image_carousel_69d988c96dd5e_script\">if(window.SUImageCarousel){setTimeout(function() {window.SUImageCarousel.initGallery(document.getElementById(\"su_image_carousel_69d988c96dd5e\"))}, 0);}var su_image_carousel_69d988c96dd5e_script=document.getElementById(\"su_image_carousel_69d988c96dd5e_script\");if(su_image_carousel_69d988c96dd5e_script){su_image_carousel_69d988c96dd5e_script.parentNode.removeChild(su_image_carousel_69d988c96dd5e_script);}<\/script>\n<h3>Nossos principais diferenciais:<\/h3>\n<div class=\"su-table su-table-responsive su-table-alternate\">\n<table>\n<tbody>\n<tr>\n<td>M\u00e3o de obra pr\u00f3pria e especializada.<\/td>\n<\/tr>\n<tr>\n<td>Produtos e insumos dos melhores fornecedores.<\/td>\n<\/tr>\n<tr>\n<td>Comprometimento com resultados.<\/td>\n<\/tr>\n<tr>\n<td>Pontualidade e respeito ao cronograma fornecido.<\/td>\n<\/tr>\n<tr>\n<td>Setor pr\u00f3prio de arquitetura na empresa.<\/td>\n<\/tr>\n<tr>\n<td>Consultoria t\u00e9cnica\u00a0 e p\u00f3s obra.<\/td>\n<\/tr>\n<tr>\n<td>Pre\u00e7o competitivo e pagamento parcelado.<\/td>\n<\/tr>\n<\/tbody>\n<\/table>\n<\/div>\n<div class=\"su-note\"  style=\"border-color:#d9d9d9;border-radius:3px;-moz-border-radius:3px;-webkit-border-radius:3px;\"><div class=\"su-note-inner su-u-clearfix su-u-trim\" style=\"background-color:#f3f3f3;border-color:#ffffff;color:#333333;border-radius:3px;-moz-border-radius:3px;-webkit-border-radius:3px;\">\n<p><strong>MISS\u00c3O:<\/strong><br \/>\nA nossa miss\u00e3o principal \u00e9 proporcionar servi\u00e7os de qualidade e excel\u00eancia, recorrendo a materiais superiores e uma maravilhosa equipe profissional, que tem como prop\u00f3sito principal, oferecer solu\u00e7\u00f5es qualificadas e entregar resultados positivos para todos. Atendimento especializado e \u00e1gil, prezando sempre pela boa rela\u00e7\u00e3o com os nossos clientes! Venha realizar a sua obra com uma empresa comprometida com a sua satisfa\u00e7\u00e3o!<\/p>\n<\/div><\/div>\n<blockquote>\n<h2><strong>Fale com a empresa Beatriz Leoni e deixe sua obra nas m\u00e3os de especialistas!<\/strong><\/h2>\n<h3><img loading=\"lazy\" decoding=\"async\" class=\"aligncenter wp-image-1374 size-full\" src=\"https:\/\/beatrizleoni.com.br\/reformas\/wp-content\/uploads\/2023\/07\/logo-big.png\" alt=\"Beatriz Leoni Constru\u00e7\u00f5es e Reformas\" width=\"1000\" height=\"283\" srcset=\"https:\/\/beatrizleoni.com.br\/reformas\/wp-content\/uploads\/2023\/07\/logo-big.png 1000w, https:\/\/beatrizleoni.com.br\/reformas\/wp-content\/uploads\/2023\/07\/logo-big-300x85.png 300w, https:\/\/beatrizleoni.com.br\/reformas\/wp-content\/uploads\/2023\/07\/logo-big-768x217.png 768w\" sizes=\"auto, (max-width: 1000px) 100vw, 1000px\" \/><strong>Nosso Escrit\u00f3rio\u00a0 no Rio de Janeiro:<\/strong><\/h3>\n<\/blockquote>\n<p><iframe loading=\"lazy\" style=\"border: 0;\" src=\"https:\/\/www.google.com\/maps\/embed?pb=!1m18!1m12!1m3!1d3676.6894169027805!2d-43.26544612417833!3d-22.85097747929445!2m3!1f0!2f0!3f0!3m2!1i1024!2i768!4f13.1!3m3!1m2!1s0x997bfa70899b55%3A0x4ee6ed38376249ee!2sCondom%C3%ADnio%20do%20Ed%20Comercial%20Santa%20Isabel%20-%20R.%20Leopoldina%20Rego%2C%20198%20-%20Ramos%2C%20Rio%20de%20Janeiro%20-%20RJ%2C%2021021-520!5e0!3m2!1spt-BR!2sbr!4v1690286888054!5m2!1spt-BR!2sbr\" width=\"600\" height=\"450\" allowfullscreen=\"allowfullscreen\"><\/iframe><\/p>\n<p><img loading=\"lazy\" decoding=\"async\" class=\"aligncenter wp-image-1308 size-full\" src=\"https:\/\/beatrizleoni.com.br\/reformas\/wp-content\/uploads\/2023\/07\/banner20.jpg\" alt=\"Beatriz Leoni\" width=\"785\" height=\"280\" srcset=\"https:\/\/beatrizleoni.com.br\/reformas\/wp-content\/uploads\/2023\/07\/banner20.jpg 785w, https:\/\/beatrizleoni.com.br\/reformas\/wp-content\/uploads\/2023\/07\/banner20-300x107.jpg 300w, https:\/\/beatrizleoni.com.br\/reformas\/wp-content\/uploads\/2023\/07\/banner20-768x274.jpg 768w\" sizes=\"auto, (max-width: 785px) 100vw, 785px\" \/><\/p>\n","protected":false},"excerpt":{"rendered":"<p>Empresa Beatriz Leoni Atuando desde 2010 com constru\u00e7\u00e3o e reforma, especialmente constru\u00e7\u00e3o de piscinas e servi\u00e7os de impermeabiliza\u00e7\u00e3o,\u00a0 Beatriz Leoni se destaca por fornecer servi\u00e7os construtivos especializados, de alta qualidade e garantia, reunindo m\u00e3o de obra treinada e qualificada e setor de arquitetura, fornecendo servi\u00e7os e assessoria t\u00e9cnica em um s\u00f3 lugar. O resultado s\u00e3o obras que primam por alta qualidade e durabilidade. Nossa empresa \u00e9 cada vez mais refer\u00eancia de excel\u00eancia em constru\u00e7\u00e3o e reforma, oferecendo solu\u00e7\u00f5es completas e efetivas para quem pensa em reformar ou construir. Beatriz Leoni \u00e9 uma empresa com miss\u00f5es e valores de alto padr\u00e3o,&#8230; <\/p>\n","protected":false},"author":1,"featured_media":0,"parent":0,"menu_order":0,"comment_status":"closed","ping_status":"closed","template":"","meta":{"footnotes":"","_links_to":"","_links_to_target":""},"class_list":["post-453","page","type-page","status-publish","hentry"],"_links":{"self":[{"href":"https:\/\/beatrizleoni.com.br\/reformas\/wp-json\/wp\/v2\/pages\/453","targetHints":{"allow":["GET"]}}],"collection":[{"href":"https:\/\/beatrizleoni.com.br\/reformas\/wp-json\/wp\/v2\/pages"}],"about":[{"href":"https:\/\/beatrizleoni.com.br\/reformas\/wp-json\/wp\/v2\/types\/page"}],"author":[{"embeddable":true,"href":"https:\/\/beatrizleoni.com.br\/reformas\/wp-json\/wp\/v2\/users\/1"}],"replies":[{"embeddable":true,"href":"https:\/\/beatrizleoni.com.br\/reformas\/wp-json\/wp\/v2\/comments?post=453"}],"version-history":[{"count":13,"href":"https:\/\/beatrizleoni.com.br\/reformas\/wp-json\/wp\/v2\/pages\/453\/revisions"}],"predecessor-version":[{"id":1599,"href":"https:\/\/beatrizleoni.com.br\/reformas\/wp-json\/wp\/v2\/pages\/453\/revisions\/1599"}],"wp:attachment":[{"href":"https:\/\/beatrizleoni.com.br\/reformas\/wp-json\/wp\/v2\/media?parent=453"}],"curies":[{"name":"wp","href":"https:\/\/api.w.org\/{rel}","templated":true}]}}