{"id":623,"date":"2019-11-18T17:14:27","date_gmt":"2019-11-18T20:14:27","guid":{"rendered":"https:\/\/beatrizleoni.com.br\/reformas\/?page_id=623"},"modified":"2019-11-19T09:19:02","modified_gmt":"2019-11-19T12:19:02","slug":"parcerias","status":"publish","type":"page","link":"https:\/\/beatrizleoni.com.br\/reformas\/parcerias\/","title":{"rendered":"Parcerias"},"content":{"rendered":"<p>Utilizamos as melhores e mais modernas solu\u00e7\u00f5es em sua obra e impermeabiliza\u00e7\u00e3o, com destaque para a linha de produtos da <strong>Rebotec<\/strong> e <strong>Elastment<\/strong> <strong>Cimento El\u00e1stico<\/strong>, da <strong>Dry Lewis <\/strong>e<strong> Maximus<\/strong>, da <strong>Selamix.<\/strong>\u00a0 reconhecidos dentre os melhores produtos dispon\u00edveis atualmente no mercado direcionado \u00e0 corre\u00e7\u00e3o de trincas, impermeabiliza\u00e7\u00e3o de lajes e de piscinas.<\/p>\n<p>&nbsp;<\/p>\n<div id=\"attachment_629\" style=\"width: 810px\" class=\"wp-caption aligncenter\"><img loading=\"lazy\" decoding=\"async\" aria-describedby=\"caption-attachment-629\" class=\"wp-image-629 size-full\" src=\"https:\/\/beatrizleoni.com.br\/reformas\/wp-content\/uploads\/2019\/11\/destaques-de-venda.png\" alt=\"S\u00f3 trabalhamos com os melhores impermeabilizantes do mercado\" width=\"800\" height=\"573\" srcset=\"https:\/\/beatrizleoni.com.br\/reformas\/wp-content\/uploads\/2019\/11\/destaques-de-venda.png 800w, https:\/\/beatrizleoni.com.br\/reformas\/wp-content\/uploads\/2019\/11\/destaques-de-venda-300x215.png 300w, https:\/\/beatrizleoni.com.br\/reformas\/wp-content\/uploads\/2019\/11\/destaques-de-venda-768x550.png 768w, https:\/\/beatrizleoni.com.br\/reformas\/wp-content\/uploads\/2019\/11\/destaques-de-venda-360x258.png 360w\" sizes=\"auto, (max-width: 800px) 100vw, 800px\" \/><p id=\"caption-attachment-629\" class=\"wp-caption-text\">Trabalhamos com os melhores impermeabilizantes do mercado<\/p><\/div>\n","protected":false},"excerpt":{"rendered":"<p>Utilizamos as melhores e mais modernas solu\u00e7\u00f5es em sua obra e impermeabiliza\u00e7\u00e3o, com destaque para a linha de produtos da Rebotec e Elastment Cimento El\u00e1stico, da Dry Lewis e Maximus, da Selamix.\u00a0 reconhecidos dentre os melhores produtos dispon\u00edveis atualmente no mercado direcionado \u00e0 corre\u00e7\u00e3o de trincas, impermeabiliza\u00e7\u00e3o de lajes e de piscinas. &nbsp;<\/p>\n","protected":false},"author":1,"featured_media":0,"parent":0,"menu_order":0,"comment_status":"closed","ping_status":"closed","template":"","meta":{"footnotes":"","_links_to":"","_links_to_target":""},"class_list":["post-623","page","type-page","status-publish","hentry"],"_links":{"self":[{"href":"https:\/\/beatrizleoni.com.br\/reformas\/wp-json\/wp\/v2\/pages\/623","targetHints":{"allow":["GET"]}}],"collection":[{"href":"https:\/\/beatrizleoni.com.br\/reformas\/wp-json\/wp\/v2\/pages"}],"about":[{"href":"https:\/\/beatrizleoni.com.br\/reformas\/wp-json\/wp\/v2\/types\/page"}],"author":[{"embeddable":true,"href":"https:\/\/beatrizleoni.com.br\/reformas\/wp-json\/wp\/v2\/users\/1"}],"replies":[{"embeddable":true,"href":"https:\/\/beatrizleoni.com.br\/reformas\/wp-json\/wp\/v2\/comments?post=623"}],"version-history":[{"count":5,"href":"https:\/\/beatrizleoni.com.br\/reformas\/wp-json\/wp\/v2\/pages\/623\/revisions"}],"predecessor-version":[{"id":633,"href":"https:\/\/beatrizleoni.com.br\/reformas\/wp-json\/wp\/v2\/pages\/623\/revisions\/633"}],"wp:attachment":[{"href":"https:\/\/beatrizleoni.com.br\/reformas\/wp-json\/wp\/v2\/media?parent=623"}],"curies":[{"name":"wp","href":"https:\/\/api.w.org\/{rel}","templated":true}]}}