{"id":847,"date":"2020-06-20T11:37:56","date_gmt":"2020-06-20T14:37:56","guid":{"rendered":"https:\/\/beatrizleoni.com.br\/reformas\/?page_id=847"},"modified":"2023-07-25T09:19:29","modified_gmt":"2023-07-25T12:19:29","slug":"depoimentos-e-videos","status":"publish","type":"page","link":"https:\/\/beatrizleoni.com.br\/reformas\/depoimentos-e-videos\/","title":{"rendered":"Depoimentos de Clientes"},"content":{"rendered":"<h2>Opini\u00e3o de quem j\u00e1 construiu ou reformou conosco:<\/h2>\n<p>&nbsp;<\/p>\n<div class=\"su-note\"  style=\"border-color:#85190d;border-radius:3px;-moz-border-radius:3px;-webkit-border-radius:3px;\"><div class=\"su-note-inner su-u-clearfix su-u-trim\" style=\"background-color:#9F3327;border-color:#fffff3;color:#333333;border-radius:3px;-moz-border-radius:3px;-webkit-border-radius:3px;\">\n<div id=\"clienttestiminials\"><div class=\"owl-carousel\">\n\t\t\t<div class=\"item\">\n\t\t\t\t<div class=\"arrow_box\">\n\t\t\t\t\t<p>Depois de mais de 6 meses procurando no Rio e Niter\u00f3i (...) Encontrei essa empresa s\u00e9ria que desde a primeira visita cuidou dos reparos, resolvendo<\/p>\n\t\t\t\t\t<div class=\"designation_box\">\n\t\t\t\t\t\t<div class=\"tmthumb\"><img decoding=\"async\" src=\"https:\/\/beatrizleoni.com.br\/reformas\/wp-content\/uploads\/2023\/07\/testemonmial_17.jpg\" alt=\" \" \/><\/div>\n\t\t\t\t\t\t<h6>Parab\u00e9ns pelo trabalho.<\/h6>\n\t\t\t\t\t\t<p> Jaqueline Oliveira<\/p>\t\t\t\t\t\t\n\t\t\t\t\t<\/div>\n\t\t\t\t\t<div class=\"clear\"><\/div>\t\n\t\t\t\t<\/div>\n\t\t\t<\/div>\n\t\t\t<div class=\"item\">\n\t\t\t\t<div class=\"arrow_box\">\n\t\t\t\t\t<p>Eu recomendo essa empresa pela qualidade e profissionalismo: cuidou de todos os reparos, resolvendo todos os imprevistos sem me dar nenhuma preocupa\u00e7\u00e3o. Parab\u00e9ns pelo trabalho.<\/p>\n\t\t\t\t\t<div class=\"designation_box\">\n\t\t\t\t\t\t<div class=\"tmthumb\"><img decoding=\"async\" src=\"https:\/\/beatrizleoni.com.br\/reformas\/wp-content\/uploads\/2023\/07\/testemonmial_09.jpg\" alt=\" \" \/><\/div>\n\t\t\t\t\t\t<h6>Eu recomendo essa empresa!<\/h6>\n\t\t\t\t\t\t<p> Jaqueline Albino<\/p>\t\t\t\t\t\t\n\t\t\t\t\t<\/div>\n\t\t\t\t\t<div class=\"clear\"><\/div>\t\n\t\t\t\t<\/div>\n\t\t\t<\/div>\n\t\t\t<div class=\"item\">\n\t\t\t\t<div class=\"arrow_box\">\n\t\t\t\t\t<p>Excelente. Todo o servi\u00e7o executado dentro do prazo acordado.<\/p>\n\t\t\t\t\t<div class=\"designation_box\">\n\t\t\t\t\t\t<div class=\"tmthumb\"><img decoding=\"async\" src=\"https:\/\/beatrizleoni.com.br\/reformas\/wp-content\/uploads\/2023\/07\/testemonmial_02.jpg\" alt=\" \" \/><\/div>\n\t\t\t\t\t\t<h6>Excelente<\/h6>\n\t\t\t\t\t\t<p> Alexandre<\/p>\t\t\t\t\t\t\n\t\t\t\t\t<\/div>\n\t\t\t\t\t<div class=\"clear\"><\/div>\t\n\t\t\t\t<\/div>\n\t\t\t<\/div>\n\t\t\t<div class=\"item\">\n\t\t\t\t<div class=\"arrow_box\">\n\t\t\t\t\t<p>Profissionais de fino acabamento. Tudo pronto conforme contrato<\/p>\n\t\t\t\t\t<div class=\"designation_box\">\n\t\t\t\t\t\t<div class=\"tmthumb\"><img decoding=\"async\" src=\"https:\/\/beatrizleoni.com.br\/reformas\/wp-content\/uploads\/2023\/07\/testemonmial_13.jpg\" alt=\" \" \/><\/div>\n\t\t\t\t\t\t<h6>Fino acabamento.<\/h6>\n\t\t\t\t\t\t<p> Rei do Gesso<\/p>\t\t\t\t\t\t\n\t\t\t\t\t<\/div>\n\t\t\t\t\t<div class=\"clear\"><\/div>\t\n\t\t\t\t<\/div>\n\t\t\t<\/div>\n\t\t\t<div class=\"item\">\n\t\t\t\t<div class=\"arrow_box\">\n\t\t\t\t\t<p>Atendimento nota 10! Servi\u00e7o de impermeabiliza\u00e7\u00e3o diferenciado, muito bem executado e r\u00e1pido. Equipe muito educada. Recomendo.<\/p>\n\t\t\t\t\t<div class=\"designation_box\">\n\t\t\t\t\t\t<div class=\"tmthumb\"><img decoding=\"async\" src=\"https:\/\/beatrizleoni.com.br\/reformas\/wp-content\/uploads\/2023\/07\/testemonmial_03.jpg\" alt=\" \" \/><\/div>\n\t\t\t\t\t\t<h6>Atendimento nota 10<\/h6>\n\t\t\t\t\t\t<p> suzanna margem<\/p>\t\t\t\t\t\t\n\t\t\t\t\t<\/div>\n\t\t\t\t\t<div class=\"clear\"><\/div>\t\n\t\t\t\t<\/div>\n\t\t\t<\/div>\n\t\t\t<div class=\"item\">\n\t\t\t\t<div class=\"arrow_box\">\n\t\t\t\t\t<p>Nota 10 recomendo, servi\u00e7o muito bem acabado e executado, recomendo!<\/p>\n\t\t\t\t\t<div class=\"designation_box\">\n\t\t\t\t\t\t<div class=\"tmthumb\"><img decoding=\"async\" src=\"https:\/\/beatrizleoni.com.br\/reformas\/wp-content\/uploads\/2023\/07\/testemonmial_19.jpg\" alt=\" \" \/><\/div>\n\t\t\t\t\t\t<h6>Servi\u00e7o muito bem acabado<\/h6>\n\t\t\t\t\t\t<p> Jetro Wilkeson<\/p>\t\t\t\t\t\t\n\t\t\t\t\t<\/div>\n\t\t\t\t\t<div class=\"clear\"><\/div>\t\n\t\t\t\t<\/div>\n\t\t\t<\/div>\n\t\t\t<div class=\"item\">\n\t\t\t\t<div class=\"arrow_box\">\n\t\t\t\t\t<p>Mesmo com a obra em andamento, a chuva forte caiu e mesmo assim n\u00e3o vazou nada.<\/p>\n\t\t\t\t\t<div class=\"designation_box\">\n\t\t\t\t\t\t<div class=\"tmthumb\"><img decoding=\"async\" src=\"https:\/\/beatrizleoni.com.br\/reformas\/wp-content\/uploads\/2023\/07\/testemonmial_15.jpg\" alt=\" \" \/><\/div>\n\t\t\t\t\t\t<h6>Chuva forte: n\u00e3o vazou nada.<\/h6>\n\t\t\t\t\t\t<p> Diretora de escola reformada<\/p>\t\t\t\t\t\t\n\t\t\t\t\t<\/div>\n\t\t\t\t\t<div class=\"clear\"><\/div>\t\n\t\t\t\t<\/div>\n\t\t\t<\/div>\n\t\t\t<div class=\"item\">\n\t\t\t\t<div class=\"arrow_box\">\n\t\t\t\t\t<p>Reforma da loja, ficou excelente, tudo em como combinado, recomendo a todos<\/p>\n\t\t\t\t\t<div class=\"designation_box\">\n\t\t\t\t\t\t<div class=\"tmthumb\"><img decoding=\"async\" src=\"https:\/\/beatrizleoni.com.br\/reformas\/wp-content\/uploads\/2023\/07\/testemonmial_18.jpg\" alt=\" \" \/><\/div>\n\t\t\t\t\t\t<h6>Ficou excelente<\/h6>\n\t\t\t\t\t\t<p> Lex Juris<\/p>\t\t\t\t\t\t\n\t\t\t\t\t<\/div>\n\t\t\t\t\t<div class=\"clear\"><\/div>\t\n\t\t\t\t<\/div>\n\t\t\t<\/div><\/div><\/div>\n<\/div><\/div>\n<p>&nbsp;<\/p>\n<h2>V\u00eddeos de depoimento de nossos clientes:<\/h2>\n<div class=\"epyt-gallery\" data-currpage=\"1\" id=\"epyt_gallery_54713\"><div class=\"epyt-video-wrapper\"><iframe loading=\"lazy\"  id=\"_ytid_75223\"  width=\"480\" height=\"270\"  data-origwidth=\"480\" data-origheight=\"270\" src=\"https:\/\/www.youtube.com\/embed\/u7qTzyab1Bk?enablejsapi=1&autoplay=0&cc_load_policy=0&cc_lang_pref=&iv_load_policy=1&loop=0&rel=0&fs=1&playsinline=0&autohide=2&theme=dark&color=red&controls=1&disablekb=0&\" class=\"__youtube_prefs__  no-lazyload\" title=\"YouTube player\"  data-epytgalleryid=\"epyt_gallery_54713\"  allow=\"fullscreen; accelerometer; autoplay; clipboard-write; encrypted-media; gyroscope; picture-in-picture; web-share\" referrerpolicy=\"strict-origin-when-cross-origin\" allowfullscreen data-no-lazy=\"1\" data-skipgform_ajax_framebjll=\"\"><\/iframe><\/div><div class=\"epyt-gallery-list\"><div class=\"epyt-pagination \"><div tabindex=\"0\" role=\"button\" class=\"epyt-pagebutton epyt-prev  hide \" data-playlistid=\"PL0NbMYl1FRvKVppxidq-6bRmYSma3eT0B\" data-pagesize=\"15\" data-pagetoken=\"\" data-epcolumns=\"3\" data-showtitle=\"1\" data-showpaging=\"1\" data-autonext=\"0\" data-thumbplay=\"1\"><div class=\"epyt-arrow\">&laquo;<\/div> <div>Prev<\/div><\/div><div class=\"epyt-pagenumbers hide\"><div class=\"epyt-current\">1<\/div><div class=\"epyt-pageseparator\"> \/ <\/div><div class=\"epyt-totalpages\">1<\/div><\/div><div tabindex=\"0\" role=\"button\" class=\"epyt-pagebutton epyt-next hide \" data-playlistid=\"PL0NbMYl1FRvKVppxidq-6bRmYSma3eT0B\" data-pagesize=\"15\" data-pagetoken=\"\" data-epcolumns=\"3\" data-showtitle=\"1\" data-showpaging=\"1\" data-autonext=\"0\" data-thumbplay=\"1\"><div>Next<\/div> <div class=\"epyt-arrow\">&raquo;<\/div><\/div><div class=\"epyt-loader\"><img loading=\"lazy\" decoding=\"async\" alt=\"loading\" width=\"16\" height=\"11\" src=\"https:\/\/beatrizleoni.com.br\/reformas\/wp-content\/plugins\/youtube-embed-plus\/images\/gallery-page-loader.gif\"><\/div><\/div><div class=\"epyt-gallery-allthumbs  epyt-cols-3 \"><div tabindex=\"0\" role=\"button\" data-videoid=\"u7qTzyab1Bk\" class=\"epyt-gallery-thumb\"><div class=\"epyt-gallery-img-box\"><div class=\"epyt-gallery-img\" style=\"background-image: url(https:\/\/i.ytimg.com\/vi\/u7qTzyab1Bk\/hqdefault.jpg)\"><div class=\"epyt-gallery-playhover\"><img loading=\"lazy\" decoding=\"async\" alt=\"play\" class=\"epyt-play-img\" width=\"30\" height=\"23\" src=\"https:\/\/beatrizleoni.com.br\/reformas\/wp-content\/plugins\/youtube-embed-plus\/images\/playhover.png\" data-no-lazy=\"1\" data-skipgform_ajax_framebjll=\"\" \/><div class=\"epyt-gallery-playcrutch\"><\/div><\/div><\/div><\/div><div class=\"epyt-gallery-title\">Depoimento cliente obra Piscina Cobertura Tijuca RJ<\/div><\/div><div tabindex=\"0\" role=\"button\" data-videoid=\"i5M5uGPmHL0\" class=\"epyt-gallery-thumb\"><div class=\"epyt-gallery-img-box\"><div class=\"epyt-gallery-img\" style=\"background-image: url(https:\/\/i.ytimg.com\/vi\/i5M5uGPmHL0\/hqdefault.jpg)\"><div class=\"epyt-gallery-playhover\"><img loading=\"lazy\" decoding=\"async\" alt=\"play\" class=\"epyt-play-img\" width=\"30\" height=\"23\" src=\"https:\/\/beatrizleoni.com.br\/reformas\/wp-content\/plugins\/youtube-embed-plus\/images\/playhover.png\" data-no-lazy=\"1\" data-skipgform_ajax_framebjll=\"\" \/><div class=\"epyt-gallery-playcrutch\"><\/div><\/div><\/div><\/div><div class=\"epyt-gallery-title\">Constru\u00e7\u00e3o de Piscina e Deck em Cobertura<\/div><\/div><div tabindex=\"0\" role=\"button\" data-videoid=\"m_NDpYJQ1MA\" class=\"epyt-gallery-thumb\"><div class=\"epyt-gallery-img-box\"><div class=\"epyt-gallery-img\" style=\"background-image: url(https:\/\/i.ytimg.com\/vi\/m_NDpYJQ1MA\/hqdefault.jpg)\"><div class=\"epyt-gallery-playhover\"><img loading=\"lazy\" decoding=\"async\" alt=\"play\" class=\"epyt-play-img\" width=\"30\" height=\"23\" src=\"https:\/\/beatrizleoni.com.br\/reformas\/wp-content\/plugins\/youtube-embed-plus\/images\/playhover.png\" data-no-lazy=\"1\" data-skipgform_ajax_framebjll=\"\" \/><div class=\"epyt-gallery-playcrutch\"><\/div><\/div><\/div><\/div><div class=\"epyt-gallery-title\">Depoimento Cliente Impermeabiliza\u00e7\u00e3o de Laje, Col\u00e9gio, RJ<\/div><\/div><div class=\"epyt-gallery-rowbreak\"><\/div><div class=\"epyt-gallery-clear\"><\/div><\/div><div class=\"epyt-pagination \"><div tabindex=\"0\" role=\"button\" class=\"epyt-pagebutton epyt-prev  hide \" data-playlistid=\"PL0NbMYl1FRvKVppxidq-6bRmYSma3eT0B\" data-pagesize=\"15\" data-pagetoken=\"\" data-epcolumns=\"3\" data-showtitle=\"1\" data-showpaging=\"1\" data-autonext=\"0\" data-thumbplay=\"1\"><div class=\"epyt-arrow\">&laquo;<\/div> <div>Prev<\/div><\/div><div class=\"epyt-pagenumbers hide\"><div class=\"epyt-current\">1<\/div><div class=\"epyt-pageseparator\"> \/ <\/div><div class=\"epyt-totalpages\">1<\/div><\/div><div tabindex=\"0\" role=\"button\" class=\"epyt-pagebutton epyt-next hide \" data-playlistid=\"PL0NbMYl1FRvKVppxidq-6bRmYSma3eT0B\" data-pagesize=\"15\" data-pagetoken=\"\" data-epcolumns=\"3\" data-showtitle=\"1\" data-showpaging=\"1\" data-autonext=\"0\" data-thumbplay=\"1\"><div>Next<\/div> <div class=\"epyt-arrow\">&raquo;<\/div><\/div><div class=\"epyt-loader\"><img loading=\"lazy\" decoding=\"async\" alt=\"loading\" width=\"16\" height=\"11\" src=\"https:\/\/beatrizleoni.com.br\/reformas\/wp-content\/plugins\/youtube-embed-plus\/images\/gallery-page-loader.gif\"><\/div><\/div><\/div><\/div>\n<p>&nbsp;<\/p>\n<p>&nbsp;<\/p>\n","protected":false},"excerpt":{"rendered":"<p>Opini\u00e3o de quem j\u00e1 construiu ou reformou conosco: &nbsp; &nbsp; V\u00eddeos de depoimento de nossos clientes: &nbsp; &nbsp;<\/p>\n","protected":false},"author":1,"featured_media":0,"parent":0,"menu_order":0,"comment_status":"closed","ping_status":"closed","template":"","meta":{"footnotes":"","_links_to":"","_links_to_target":""},"class_list":["post-847","page","type-page","status-publish","hentry"],"_links":{"self":[{"href":"https:\/\/beatrizleoni.com.br\/reformas\/wp-json\/wp\/v2\/pages\/847","targetHints":{"allow":["GET"]}}],"collection":[{"href":"https:\/\/beatrizleoni.com.br\/reformas\/wp-json\/wp\/v2\/pages"}],"about":[{"href":"https:\/\/beatrizleoni.com.br\/reformas\/wp-json\/wp\/v2\/types\/page"}],"author":[{"embeddable":true,"href":"https:\/\/beatrizleoni.com.br\/reformas\/wp-json\/wp\/v2\/users\/1"}],"replies":[{"embeddable":true,"href":"https:\/\/beatrizleoni.com.br\/reformas\/wp-json\/wp\/v2\/comments?post=847"}],"version-history":[{"count":11,"href":"https:\/\/beatrizleoni.com.br\/reformas\/wp-json\/wp\/v2\/pages\/847\/revisions"}],"predecessor-version":[{"id":1399,"href":"https:\/\/beatrizleoni.com.br\/reformas\/wp-json\/wp\/v2\/pages\/847\/revisions\/1399"}],"wp:attachment":[{"href":"https:\/\/beatrizleoni.com.br\/reformas\/wp-json\/wp\/v2\/media?parent=847"}],"curies":[{"name":"wp","href":"https:\/\/api.w.org\/{rel}","templated":true}]}}